{"id":51,"date":"2019-07-19T15:42:37","date_gmt":"2019-07-19T13:42:37","guid":{"rendered":"https:\/\/herzstueck-hochzeitsplanung.de\/?page_id=51"},"modified":"2019-09-12T12:17:58","modified_gmt":"2019-09-12T10:17:58","slug":"teilplanung","status":"publish","type":"page","link":"https:\/\/herzstueck-hochzeitsplanung.de\/?page_id=51","title":{"rendered":"Teilplanung"},"content":{"rendered":"\t\t<div data-elementor-type=\"wp-post\" data-elementor-id=\"51\" class=\"elementor elementor-51\" data-elementor-settings=\"[]\">\n\t\t\t<div class=\"elementor-inner\">\n\t\t\t\t<div class=\"elementor-section-wrap\">\n\t\t\t\t\t\t\t<section class=\"elementor-element elementor-element-0b08f72 elementor-section-boxed elementor-section-height-default elementor-section-height-default elementor-section elementor-top-section\" data-id=\"0b08f72\" data-element_type=\"section\">\n\t\t\t\t\t\t<div class=\"elementor-container elementor-column-gap-default\">\n\t\t\t\t<div class=\"elementor-row\">\n\t\t\t\t<div class=\"elementor-element elementor-element-3c29545 elementor-column elementor-col-100 elementor-top-column\" data-id=\"3c29545\" data-element_type=\"column\">\n\t\t\t<div class=\"elementor-column-wrap  elementor-element-populated\">\n\t\t\t\t\t<div class=\"elementor-widget-wrap\">\n\t\t\t\t<div class=\"elementor-element elementor-element-4d1bcaf elementor-widget elementor-widget-text-editor\" data-id=\"4d1bcaf\" data-element_type=\"widget\" data-widget_type=\"text-editor.default\">\n\t\t\t\t<div class=\"elementor-widget-container\">\n\t\t\t\t\t<div class=\"elementor-text-editor elementor-clearfix\"><p>(HERZ)St\u00fcck f\u00fcr (HERZ)St\u00fcck: Es hakt an gewissen Stellen oder es fehlt euch die n\u00f6tige Inspiration? Mit der Teilplanung erg\u00e4nzen wir den Teil in eurer Planung der euch noch fehlt. Die Teilplanung ist die ideale Erg\u00e4nzung, wenn ihr schon Vieles selbstgemacht habt oder machen m\u00f6chtet, jedoch f\u00fcr gewisse Punkte keine Zeit oder Inspiration habt. Dieses Planungspaket eignet sich hervorragend f\u00fcr die flei\u00dfige DIY Braut.<\/p><p>Jede Hochzeit besteht aus mehreren Herzst\u00fccken, welches ist euer Herzst\u00fcck?<\/p><p>\u00a0<\/p><p>In die Teilplanung geh\u00f6ren:<\/p><ul><li>Kennenlerngespr\u00e4ch<\/li><li>Beratungsgespr\u00e4ch<\/li><\/ul><p>Alles Weitere entscheidet ihr und sind individuell auf eure Bed\u00fcrfnisse abgestimmt.<\/p><p>\u00a0<\/p><p>Im Bereich Hochzeitsplanung ist ALLES m\u00f6glich, da kann vor lauter sch\u00f6ner Ideen schon mal den Kopf verlieren.<\/p><p>Auch wenn ihr euch im Hochzeitlabyrinth kurzzeitig verirrt, wir werden euch dabei unterst\u00fctzen und das fehlende St\u00fcck finden, um euren Tag perfekt zu gestalten. wie z.B.:<\/p><ul><li>Einzelne Dienstleistervermittlung: Euch fehlt noch die richtige S\u00e4ngerin, Caterer oder einen Fotografen, der eure W\u00fcnsche genau umsetzt? Wir finden f\u00fcr euch den richtigen Dienstleister, der zu euch und euren Vorstellungen passt.<\/li><li>Location Scouting: Die Lokation ist eines der wichtigsten HERZst\u00fccke. Sie gibt meist schon einen Stil vor oder l\u00e4sst Raum f\u00fcr eigene Vorstellungen. Wir finden f\u00fcr euch eure Traumlokation, die zu euch und euren Vorstellungen passt.<\/li><li>Sektempfang: Aufbau und Betreuung des Standes und Ausschank<\/li><li>Budgetplanung und detaillierter Tagesablauf: Wir unterst\u00fctzen euch mit unserer Erfahrung den besten und realistischsten Ablaufplan zu erstellen, so dass es keine ungewollten \u00dcberraschungen gibt.<\/li><li>Wir helfen euch bei dem HERZst\u00fcck, welches euch am Herzen liegt.<\/li><\/ul><\/div>\n\t\t\t\t<\/div>\n\t\t\t\t<\/div>\n\t\t\t\t\t\t<\/div>\n\t\t\t<\/div>\n\t\t<\/div>\n\t\t\t\t\t\t<\/div>\n\t\t\t<\/div>\n\t\t<\/section>\n\t\t\t\t\t\t<\/div>\n\t\t\t<\/div>\n\t\t<\/div>\n\t\t","protected":false},"excerpt":{"rendered":"<p>(HERZ)St\u00fcck f\u00fcr (HERZ)St\u00fcck: Es hakt an gewissen Stellen oder es fehlt euch die n\u00f6tige Inspiration? Mit der Teilplanung erg\u00e4nzen wir den Teil in eurer Planung der euch noch fehlt. Die Teilplanung ist die ideale Erg\u00e4nzung, wenn ihr schon Vieles selbstgemacht habt oder machen m\u00f6chtet, jedoch f\u00fcr gewisse Punkte keine Zeit oder Inspiration habt. Dieses Planungspaket eignet sich hervorragend f\u00fcr die flei\u00dfige DIY Braut. Jede Hochzeit besteht aus mehreren Herzst\u00fccken, welches ist euer Herzst\u00fcck? \u00a0 In die Teilplanung geh\u00f6ren: Kennenlerngespr\u00e4ch Beratungsgespr\u00e4ch Alles Weitere entscheidet ihr und sind individuell auf eure Bed\u00fcrfnisse abgestimmt. \u00a0 Im Bereich Hochzeitsplanung ist ALLES m\u00f6glich, da kann vor lauter sch\u00f6ner Ideen schon mal den Kopf verlieren. Auch wenn ihr euch im Hochzeitlabyrinth kurzzeitig verirrt, wir werden euch dabei unterst\u00fctzen und das fehlende St\u00fcck finden, um euren Tag perfekt zu gestalten. wie z.B.: Einzelne Dienstleistervermittlung: Euch fehlt noch die richtige S\u00e4ngerin, Caterer oder einen Fotografen, der eure W\u00fcnsche genau umsetzt? Wir finden f\u00fcr euch den richtigen Dienstleister, der zu euch und euren Vorstellungen passt. Location Scouting: Die Lokation ist eines der wichtigsten HERZst\u00fccke. Sie gibt meist schon einen Stil vor oder l\u00e4sst Raum f\u00fcr eigene Vorstellungen. Wir finden f\u00fcr euch eure Traumlokation, die zu euch und euren Vorstellungen passt. Sektempfang: Aufbau und Betreuung des Standes und Ausschank Budgetplanung und detaillierter Tagesablauf: Wir unterst\u00fctzen euch mit unserer Erfahrung den besten und realistischsten Ablaufplan zu erstellen, so dass es keine ungewollten \u00dcberraschungen gibt. Wir helfen euch bei dem HERZst\u00fcck, welches euch am Herzen liegt.<\/p>\n","protected":false},"author":2,"featured_media":0,"parent":0,"menu_order":0,"comment_status":"closed","ping_status":"closed","template":"","meta":{"ngg_post_thumbnail":0},"_links":{"self":[{"href":"https:\/\/herzstueck-hochzeitsplanung.de\/index.php?rest_route=\/wp\/v2\/pages\/51"}],"collection":[{"href":"https:\/\/herzstueck-hochzeitsplanung.de\/index.php?rest_route=\/wp\/v2\/pages"}],"about":[{"href":"https:\/\/herzstueck-hochzeitsplanung.de\/index.php?rest_route=\/wp\/v2\/types\/page"}],"author":[{"embeddable":true,"href":"https:\/\/herzstueck-hochzeitsplanung.de\/index.php?rest_route=\/wp\/v2\/users\/2"}],"replies":[{"embeddable":true,"href":"https:\/\/herzstueck-hochzeitsplanung.de\/index.php?rest_route=%2Fwp%2Fv2%2Fcomments&post=51"}],"version-history":[{"count":3,"href":"https:\/\/herzstueck-hochzeitsplanung.de\/index.php?rest_route=\/wp\/v2\/pages\/51\/revisions"}],"predecessor-version":[{"id":186,"href":"https:\/\/herzstueck-hochzeitsplanung.de\/index.php?rest_route=\/wp\/v2\/pages\/51\/revisions\/186"}],"wp:attachment":[{"href":"https:\/\/herzstueck-hochzeitsplanung.de\/index.php?rest_route=%2Fwp%2Fv2%2Fmedia&parent=51"}],"curies":[{"name":"wp","href":"https:\/\/api.w.org\/{rel}","templated":true}]}}