{"id":22,"date":"2019-06-25T10:39:58","date_gmt":"2019-06-25T08:39:58","guid":{"rendered":"https:\/\/herzstueck-hochzeitsplanung.de\/?page_id=22"},"modified":"2019-08-13T13:31:50","modified_gmt":"2019-08-13T11:31:50","slug":"about-me","status":"publish","type":"page","link":"https:\/\/herzstueck-hochzeitsplanung.de\/?page_id=22","title":{"rendered":"About me"},"content":{"rendered":"\t\t<div data-elementor-type=\"wp-post\" data-elementor-id=\"22\" class=\"elementor elementor-22\" data-elementor-settings=\"[]\">\n\t\t\t<div class=\"elementor-inner\">\n\t\t\t\t<div class=\"elementor-section-wrap\">\n\t\t\t\t\t\t\t<section class=\"elementor-element elementor-element-110df777 elementor-section-boxed elementor-section-height-default elementor-section-height-default elementor-section elementor-top-section\" data-id=\"110df777\" data-element_type=\"section\">\n\t\t\t\t\t\t<div class=\"elementor-container elementor-column-gap-default\">\n\t\t\t\t<div class=\"elementor-row\">\n\t\t\t\t<div class=\"elementor-element elementor-element-5240d03e elementor-column elementor-col-100 elementor-top-column\" data-id=\"5240d03e\" data-element_type=\"column\">\n\t\t\t<div class=\"elementor-column-wrap  elementor-element-populated\">\n\t\t\t\t\t<div class=\"elementor-widget-wrap\">\n\t\t\t\t<div class=\"elementor-element elementor-element-7b5be21 elementor-widget elementor-widget-text-editor\" data-id=\"7b5be21\" data-element_type=\"widget\" data-widget_type=\"text-editor.default\">\n\t\t\t\t<div class=\"elementor-widget-container\">\n\t\t\t\t\t<div class=\"elementor-text-editor elementor-clearfix\"><!-- wp:paragraph -->\n<p>Hallo\nihr Lieben, \n<\/p>\n<!-- \/wp:paragraph -->\n\n<!-- wp:paragraph -->\n<p>ich\nhei\u00dfe Fabienne\nund bin Hochzeitsplanerin\nim sch\u00f6nen \n<\/p>\n<!-- \/wp:paragraph -->\n\n<!-- wp:paragraph -->\n<p>Rhein-Neckar\nKreis &amp; der Pfalz.<\/p>\n<!-- \/wp:paragraph -->\n\n<!-- wp:image {\"id\":83,\"width\":342,\"height\":512} -->\n<figure class=\"wp-block-image is-resized\"><img loading=\"lazy\" src=\"https:\/\/herzstueck-hochzeitsplanung.de\/wp-content\/uploads\/2019\/07\/IMG_5435-683x1024.jpg\" alt=\"\" class=\"wp-image-83\" width=\"342\" height=\"512\" srcset=\"https:\/\/herzstueck-hochzeitsplanung.de\/wp-content\/uploads\/2019\/07\/IMG_5435-683x1024.jpg 683w, https:\/\/herzstueck-hochzeitsplanung.de\/wp-content\/uploads\/2019\/07\/IMG_5435-200x300.jpg 200w, https:\/\/herzstueck-hochzeitsplanung.de\/wp-content\/uploads\/2019\/07\/IMG_5435-768x1152.jpg 768w, https:\/\/herzstueck-hochzeitsplanung.de\/wp-content\/uploads\/2019\/07\/IMG_5435.jpg 800w\" sizes=\"(max-width: 342px) 100vw, 342px\" \/><\/figure>\n<!-- \/wp:image -->\n\n<!-- wp:paragraph -->\n<p>_____________________________________\n \u10e6\n_____________________________________<\/p>\n<!-- \/wp:paragraph -->\n\n<!-- wp:paragraph -->\n<p>In\nder sch\u00f6nen Pfalz genauer gesagt in Lambsheim bin ich mit viel Liebe\naufgewachsen.<\/p>\n<!-- \/wp:paragraph -->\n\n<!-- wp:paragraph -->\n<p>Ich\nbin stark mit der Pfalz verwurzelt: ich liebe die offene und\nauthentische Art der Menschen, ich sch\u00e4tze das ehrliche Wort der\nPf\u00e4lzer und nicht zu Letzt die Begabung die Sache einfach\nanzupacken.<\/p>\n<!-- \/wp:paragraph -->\n\n<!-- wp:paragraph -->\n<p>Die\nWeinschorle l\u00e4uft mir durch die Adern und der Pf\u00e4lzer Wald ist mein\nWohnzimmer aber nun habe ich in   Neu-Edingen meine Liebe und ein\nZuhause gefunden.<\/p>\n<!-- \/wp:paragraph -->\n\n<!-- wp:paragraph -->\n<p>Dankbar\nf\u00fcr das gro\u00dfe Gl\u00fcck im Rhein- Neckar Kreis meine neue Heimat\ngefunden zu haben, erkennt man Unterschiede und Gemeinsamkeiten aber\neines was verbindet: \n<\/p>\n<!-- \/wp:paragraph -->\n\n<!-- wp:paragraph -->\n<p>die\nLiebe\nist auch hier allgegenw\u00e4rtig!<\/p>\n<!-- \/wp:paragraph -->\n\n<!-- wp:paragraph -->\n<p>Die\nF\u00e4higkeit Events zu organisieren, planen und umzusetzen, zeigte sich\nschon recht fr\u00fch, da ich als Komiteeleitung die Abiturfeiern meiner\nSchule  gestalten und realisieren durfte. Durch die gesammelte\nErfahrung in der  Gastronomie kann mir in Sachen Lokation, Buffet und\nEventablauf keiner so schnell etwas vormachen. Mein Management\nStudium untermalte meine Begabung mit betriebswirtschaftlichem Sinn\nund vollendete die Erf\u00fcllung meines Lebenstraums.<\/p>\n<!-- \/wp:paragraph -->\n\n<!-- wp:paragraph -->\n<p> Eure\nFabienne<\/p>\n<!-- \/wp:paragraph -->\n\n<!-- wp:paragraph -->\n<p>M\u00f6chtet ihr mehr \u00fcber _<em>herz<\/em>_stueck_ erfahren? Besucht uns auf<a href=\"https:\/\/www.instagram.com\/_herz_stueck_\/?hl=de\"> Instagram!<\/a><\/p>\n<!-- \/wp:paragraph --><\/div>\n\t\t\t\t<\/div>\n\t\t\t\t<\/div>\n\t\t\t\t\t\t<\/div>\n\t\t\t<\/div>\n\t\t<\/div>\n\t\t\t\t\t\t<\/div>\n\t\t\t<\/div>\n\t\t<\/section>\n\t\t\t\t\t\t<\/div>\n\t\t\t<\/div>\n\t\t<\/div>\n\t\t","protected":false},"excerpt":{"rendered":"<p>Hallo ihr Lieben, ich hei\u00dfe Fabienne und bin Hochzeitsplanerin im sch\u00f6nen Rhein-Neckar Kreis &amp; der Pfalz. _____________________________________ \u10e6 _____________________________________ In der sch\u00f6nen Pfalz genauer gesagt in Lambsheim bin ich mit viel Liebe aufgewachsen. Ich bin stark mit der Pfalz verwurzelt: ich liebe die offene und authentische Art der Menschen, ich sch\u00e4tze das ehrliche Wort der Pf\u00e4lzer und nicht zu Letzt die Begabung die Sache einfach anzupacken. Die Weinschorle l\u00e4uft mir durch die Adern und der Pf\u00e4lzer Wald ist mein Wohnzimmer aber nun habe ich in Neu-Edingen meine Liebe und ein Zuhause gefunden. Dankbar f\u00fcr das gro\u00dfe Gl\u00fcck im Rhein- Neckar Kreis meine neue Heimat gefunden zu haben, erkennt man Unterschiede und Gemeinsamkeiten aber eines was verbindet: die Liebe ist auch hier allgegenw\u00e4rtig! Die F\u00e4higkeit Events zu organisieren, planen und umzusetzen, zeigte sich schon recht fr\u00fch, da ich als Komiteeleitung die Abiturfeiern meiner Schule gestalten und realisieren durfte. Durch die gesammelte Erfahrung in der Gastronomie kann mir in Sachen Lokation, Buffet und Eventablauf keiner so schnell etwas vormachen. Mein Management Studium untermalte meine Begabung mit betriebswirtschaftlichem Sinn und vollendete die Erf\u00fcllung meines Lebenstraums. Eure Fabienne M\u00f6chtet ihr mehr \u00fcber _herz_stueck_ erfahren? Besucht uns auf Instagram!<\/p>\n","protected":false},"author":2,"featured_media":0,"parent":0,"menu_order":0,"comment_status":"closed","ping_status":"closed","template":"","meta":{"ngg_post_thumbnail":0},"_links":{"self":[{"href":"https:\/\/herzstueck-hochzeitsplanung.de\/index.php?rest_route=\/wp\/v2\/pages\/22"}],"collection":[{"href":"https:\/\/herzstueck-hochzeitsplanung.de\/index.php?rest_route=\/wp\/v2\/pages"}],"about":[{"href":"https:\/\/herzstueck-hochzeitsplanung.de\/index.php?rest_route=\/wp\/v2\/types\/page"}],"author":[{"embeddable":true,"href":"https:\/\/herzstueck-hochzeitsplanung.de\/index.php?rest_route=\/wp\/v2\/users\/2"}],"replies":[{"embeddable":true,"href":"https:\/\/herzstueck-hochzeitsplanung.de\/index.php?rest_route=%2Fwp%2Fv2%2Fcomments&post=22"}],"version-history":[{"count":5,"href":"https:\/\/herzstueck-hochzeitsplanung.de\/index.php?rest_route=\/wp\/v2\/pages\/22\/revisions"}],"predecessor-version":[{"id":128,"href":"https:\/\/herzstueck-hochzeitsplanung.de\/index.php?rest_route=\/wp\/v2\/pages\/22\/revisions\/128"}],"wp:attachment":[{"href":"https:\/\/herzstueck-hochzeitsplanung.de\/index.php?rest_route=%2Fwp%2Fv2%2Fmedia&parent=22"}],"curies":[{"name":"wp","href":"https:\/\/api.w.org\/{rel}","templated":true}]}}